
{"id":88,"date":"2018-11-15T10:12:54","date_gmt":"2018-11-15T09:12:54","guid":{"rendered":"http:\/\/traiteur71.fr\/?page_id=88"},"modified":"2023-09-13T11:08:42","modified_gmt":"2023-09-13T09:08:42","slug":"contact","status":"publish","type":"page","link":"https:\/\/traiteur71.fr\/?page_id=88","title":{"rendered":"Contact"},"content":{"rendered":"<p>Vous n&rsquo;h\u00e9siterez pas \u00e0 me solliciter pour me faire part de votre projet. Afin de r\u00e9pondre au mieux \u00e0 vos attentes, je vous invite \u00e0 me communiquer les informations suivantes :<\/p>\n<ul>\n<li>Type de repas<\/li>\n<li>Date &amp; heure (d\u00e9jeuner ou d\u00eener)<\/li>\n<li>Dur\u00e9e approximative de l&rsquo;\u00e9v\u00e9nement<\/li>\n<li>Lieu de la r\u00e9ception<\/li>\n<li>Nombre de convives (m\u00eame approximatif), adultes, enfants.<\/li>\n<li>Vos coordonn\u00e9es pour me permettre de vous recontacter<\/li>\n<\/ul>\n<p>(Veillez \u00e0 bien renseigner une adresse e-mail valide sans quoi je ne serai pas en mesure de vous r\u00e9pondre. Sans retour de ma part dans les 48H pensez \u00e0 v\u00e9rifier vos courriers ind\u00e9sirables)<\/p>\n<p>Pensez-vous avoir r\u00e9pondu \u00e0 ces questions ?<\/p>\n<ul>\n<li>Quelles sont vos contraintes ? Accessibilit\u00e9, allergie&#8230;<\/li>\n<li>Vos besoins concernent-ils le menu complet ? Cocktail pour le vin d&rsquo;honneur, entr\u00e9e, plat, fromage &amp; dessert ?<\/li>\n<li>Quelles seraient vos envies, vos produits d\u00e9sir\u00e9s ?<\/li>\n<li>Quels types de service souhaiteriez-vous ? L&rsquo;\u00e9quipe de service serait-elle \u00e0 pr\u00e9voir ?<\/li>\n<li>Faut-il fournir les boissons et le pain ?<\/li>\n<\/ul>\n<hr \/>\n<p><span style=\"color: #000000;\">Vous pouvez me joindre par t\u00e9l\u00e9phone au 06_16_72_14_48, directement par e-mail \u00e0 <a href=\"mailto:john@traiteur71.fr\">john@traiteur71.fr<\/a><\/span><\/p>\n\n\n<p><\/p>\n","protected":false},"excerpt":{"rendered":"<p>Vous n&rsquo;h\u00e9siterez pas \u00e0 me solliciter pour me faire part de votre projet. Afin de r\u00e9pondre au mieux \u00e0 vos attentes, je vous invite \u00e0 me communiquer les informations suivantes : Type de repas Date &amp; heure (d\u00e9jeuner ou d\u00eener) Dur\u00e9e approximative de l&rsquo;\u00e9v\u00e9nement Lieu &hellip; <\/p>\n","protected":false},"author":1,"featured_media":0,"parent":0,"menu_order":0,"comment_status":"closed","ping_status":"closed","template":"","meta":{"footnotes":""},"class_list":["post-88","page","type-page","status-publish","hentry"],"_links":{"self":[{"href":"https:\/\/traiteur71.fr\/index.php?rest_route=\/wp\/v2\/pages\/88","targetHints":{"allow":["GET"]}}],"collection":[{"href":"https:\/\/traiteur71.fr\/index.php?rest_route=\/wp\/v2\/pages"}],"about":[{"href":"https:\/\/traiteur71.fr\/index.php?rest_route=\/wp\/v2\/types\/page"}],"author":[{"embeddable":true,"href":"https:\/\/traiteur71.fr\/index.php?rest_route=\/wp\/v2\/users\/1"}],"replies":[{"embeddable":true,"href":"https:\/\/traiteur71.fr\/index.php?rest_route=%2Fwp%2Fv2%2Fcomments&post=88"}],"version-history":[{"count":3,"href":"https:\/\/traiteur71.fr\/index.php?rest_route=\/wp\/v2\/pages\/88\/revisions"}],"predecessor-version":[{"id":679,"href":"https:\/\/traiteur71.fr\/index.php?rest_route=\/wp\/v2\/pages\/88\/revisions\/679"}],"wp:attachment":[{"href":"https:\/\/traiteur71.fr\/index.php?rest_route=%2Fwp%2Fv2%2Fmedia&parent=88"}],"curies":[{"name":"wp","href":"https:\/\/api.w.org\/{rel}","templated":true}]}}